{"id":108,"date":"2018-12-04T18:37:03","date_gmt":"2018-12-04T17:37:03","guid":{"rendered":"https:\/\/www.france-webdesign.com\/?page_id=108"},"modified":"2025-06-06T16:11:41","modified_gmt":"2025-06-06T14:11:41","slug":"conseil-creation-site","status":"publish","type":"page","link":"https:\/\/www.france-webdesign.com\/it\/consigli-per-la-creazione-di-siti-web","title":{"rendered":"Consigli - Notizie sul webdesign"},"content":{"rendered":"<p>[et_pb_section fb_built=\"1\u2033 admin_label=\"Sezione Chi siamo\" _builder_version=\"4.16\u2033 background_image=\"https:\/\/www.france-webdesign.com\/wp-content\/uploads\/2018\/12\/creation-sites-vitrine.jpg \" custom_margin=\"|5%||5% \" custom_margin_tablet= \" \" custom_margin_phone=\"|0px|0px \" custom_margin_last_edited=\"on|phone \" custom_padding=\"10%||31px||false|false \" animation_style=\"zoom \" animation_direction=\"top \" animation_intensity_zoom=\"5% \" box_shadow_style=\"preset7\u2033 box_shadow_horizontal=\"0px \" box_shadow_vertical=\"-200px \" box_shadow_color=\"#ffffff \" global_colors_info=\"{} \"][et_pb_row column_structure=\"2_3,1_3\u2033 admin_label=\"Area Informazioni su di noi \" _builder_version=\"4.16\u2033 background_size=\"initial \" background_position=\"top_left \" background_repeat=\"repeat \" custom_padding=\"77px|0px|0px|0px|false|false \" global_colors_info=\"{} \"][et_pb_column type=\"2_3\u2033 _builder_version=\"4.16\u2033 custom_padding=\"||| \" global_colors_info=\"{} \" custom_padding__hover=\"||| \"][et_pb_text admin_label=\"Title \" _builder_version=\"4.16\u2033 text_font=\"Montserrat|||||||| \" text_text_color=\"#747d88\u2033 text_font_size=\"16px \" text_line_height=\"1.9em \" header_font=\"|||||||| \" header_text_align=\"left \" header_2_font=\"Montserrat|700||on||||| \" header_2_font_size=\"42px \" header_2_line_height=\"1. 3em \" background_color=\"#74d88\u2033.3em \" background_color=\"#f7f7f7\u2033 background_size=\"initial \" background_position=\"top_left \" background_repeat=\"repeat \" max_width=\"700px \" module_alignment=\"left \" custom_margin=\"||| \" custom_padding=\"10%|10%|10%|10% \" animation_style=\"slide \" animation_direction=\"bottom \" animation_intensity_slide=\"4% \" animation_starting_opacity=\"100% \" box_shadow_style=\"preset1\u2033 box_shadow_vertical=\"15px \" box_shadow_blur=\"45px \" box_shadow_color=\"rgba(0,0,0,0.15) \" locked=\"off \" global_colors_info=\"{} \"]<\/p>\n<h2>Il nostro consiglio <br \/>e servizi\u00a0<\/h2>\n<p>Vedi tutti i nostri <strong>suggerimenti per l'ottimizzazione<\/strong> per il sito web professionale della vostra azienda, oltre che per la <strong>Ultime notizie sul web design <\/strong>e i nostri servizi<\/p>\n<p>[\/et_pb_text][\/et_pb_column][et_pb_column type=\"1_3\u2033 _builder_version=\"4.16\u2033 custom_padding=\"||| \" global_colors_info=\"{} \" custom_padding__hover=\"||| \"][\/et_pb_column][\/et_pb_row][\/et_pb_section][et_pb_section fb_built=\"1\u2033 admin_label=\"Sezione Blog \" _builder_version=\"4.16\u2033 custom_margin=\"||| \" custom_padding=\"12px||70px||false|false \" global_colors_info=\"{} \"][et_pb_row use_custom_gutter=\"on \" gutter_width=\"2\u2033 admin_label=\"Area blog \" _builder_version=\"4.16\u2033 max_width=\"80% \" use_custom_width=\"on \" width_unit=\"off \" global_colors_info=\"{} \"][et_pb_column type=\"4_4\u2033 _builder_version=\"4.16\u2033 custom_padding=\"||| \" global_colors_info=\"{} \" custom_padding__hover=\"||| \"][et_pb_blog fullwidth=\"off \" posts_number=\"9\u2033 include_categories=\"all \" show_author=\"off \" show_date=\"off \" show_categories=\"off \" _builder_version=\"4.21.0\u2033 header_font=\"Montserrat|on||| \" header_text_color=\"#353740\u2033 header_font_size=\"22px \" header_line_height=\"1.2em \" body_font=\"Montserrat|||| \" body_text_color=\"#747d88\u2033 body_font_size=\"16px \" body_line_height=\"1. 8em \" meta_font=\"off\".8em \" meta_font=\"Montserrat|||| \" meta_text_color=\"#949ba3\u2033 pagination_font=\"Montserrat|||| \" pagination_text_color=\"#747d88\u2033 animation_style=\"fade \" border_width_all=\"1px \" border_color_all=\"#d8d8\u2033 border_style_all=\"solid \" border_width_all_fullwidth=\"1px \" border_color_all_fullwidth=\"#d8d8\u2033 border_style_all_fullwidth=\"solid \" box_shadow_style=\"preset1\u2033 box_shadow_blur=\"24px \" box_shadow_color=\"rgba(53,55,64,0.1) \" use_border_color=\"on \" global_colors_info=\"{} \"][\/et_pb_blog][\/et_pb_column][\/et_pb_row][\/et_pb_section]<\/p>","protected":false},"excerpt":{"rendered":"<p>I nostri consigli e servizi Trovate tutti i nostri consigli sull'ottimizzazione del sito web professionale della vostra azienda, nonch\u00e9 le ultime notizie sul web design e i nostri servizi.<\/p>","protected":false},"author":1,"featured_media":0,"parent":0,"menu_order":0,"comment_status":"closed","ping_status":"closed","template":"","meta":{"_et_pb_use_builder":"on","_et_pb_old_content":"","_et_gb_content_width":"","footnotes":""},"class_list":["post-108","page","type-page","status-publish","hentry"],"yoast_head":"<!-- This site is optimized with the Yoast SEO plugin v27.4 - https:\/\/yoast.com\/product\/yoast-seo-wordpress\/ -->\n<title>Conseils - Actualit\u00e9 Webdesign - Cr\u00e9ation de sites pour PME, artisans et lib\u00e9raux<\/title>\n<meta name=\"description\" content=\"Conseils en cr\u00e9ation de sites pour les entreprises, ind\u00e9pendants et professions lib\u00e9rales. Sites ecommerce, catalogue et site vitrine\" \/>\n<meta name=\"robots\" content=\"index, follow, max-snippet:-1, max-image-preview:large, max-video-preview:-1\" \/>\n<link rel=\"canonical\" href=\"https:\/\/www.france-webdesign.com\/it\/consigli-per-la-creazione-di-siti-web\" \/>\n<meta property=\"og:locale\" content=\"it_IT\" \/>\n<meta property=\"og:type\" content=\"article\" \/>\n<meta property=\"og:title\" content=\"Conseils - Actualit\u00e9 Webdesign - Cr\u00e9ation de sites pour PME, artisans et lib\u00e9raux\" \/>\n<meta property=\"og:description\" content=\"Conseils en cr\u00e9ation de sites pour les entreprises, ind\u00e9pendants et professions lib\u00e9rales. Sites ecommerce, catalogue et site vitrine\" \/>\n<meta property=\"og:url\" content=\"https:\/\/www.france-webdesign.com\/it\/consigli-per-la-creazione-di-siti-web\" \/>\n<meta property=\"og:site_name\" content=\"Cr\u00e9ation de sites pour PME, artisans et lib\u00e9raux\" \/>\n<meta property=\"article:modified_time\" content=\"2025-06-06T14:11:41+00:00\" \/>\n<meta name=\"twitter:card\" content=\"summary_large_image\" \/>\n<meta name=\"twitter:label1\" content=\"Tempo di lettura stimato\" \/>\n\t<meta name=\"twitter:data1\" content=\"1 minuto\" \/>\n<script type=\"application\/ld+json\" class=\"yoast-schema-graph\">{\"@context\":\"https:\\\/\\\/schema.org\",\"@graph\":[{\"@type\":\"WebPage\",\"@id\":\"https:\\\/\\\/www.france-webdesign.com\\\/it\\\/consigli-per-la-creazione-di-siti-web\",\"url\":\"https:\\\/\\\/www.france-webdesign.com\\\/it\\\/consigli-per-la-creazione-di-siti-web\",\"name\":\"Conseils - Actualit\u00e9 Webdesign - Cr\u00e9ation de sites pour PME, artisans et lib\u00e9raux\",\"isPartOf\":{\"@id\":\"https:\\\/\\\/www.france-webdesign.com\\\/it\\\/#website\"},\"datePublished\":\"2018-12-04T17:37:03+00:00\",\"dateModified\":\"2025-06-06T14:11:41+00:00\",\"description\":\"Conseils en cr\u00e9ation de sites pour les entreprises, ind\u00e9pendants et professions lib\u00e9rales. Sites ecommerce, catalogue et site vitrine\",\"breadcrumb\":{\"@id\":\"https:\\\/\\\/www.france-webdesign.com\\\/it\\\/consigli-per-la-creazione-di-siti-web#breadcrumb\"},\"inLanguage\":\"it-IT\",\"potentialAction\":[{\"@type\":\"ReadAction\",\"target\":[\"https:\\\/\\\/www.france-webdesign.com\\\/it\\\/consigli-per-la-creazione-di-siti-web\"]}]},{\"@type\":\"BreadcrumbList\",\"@id\":\"https:\\\/\\\/www.france-webdesign.com\\\/it\\\/consigli-per-la-creazione-di-siti-web#breadcrumb\",\"itemListElement\":[{\"@type\":\"ListItem\",\"position\":1,\"name\":\"Accueil\",\"item\":\"https:\\\/\\\/www.france-webdesign.com\\\/\"},{\"@type\":\"ListItem\",\"position\":2,\"name\":\"Conseils &#8211; Actualit\u00e9 Webdesign\"}]},{\"@type\":\"WebSite\",\"@id\":\"https:\\\/\\\/www.france-webdesign.com\\\/it\\\/#website\",\"url\":\"https:\\\/\\\/www.france-webdesign.com\\\/it\\\/\",\"name\":\"Cr\u00e9ation de sites pour PME, artisans et lib\u00e9raux\",\"description\":\"France Web Design\",\"publisher\":{\"@id\":\"https:\\\/\\\/www.france-webdesign.com\\\/it\\\/#organization\"},\"potentialAction\":[{\"@type\":\"SearchAction\",\"target\":{\"@type\":\"EntryPoint\",\"urlTemplate\":\"https:\\\/\\\/www.france-webdesign.com\\\/it\\\/?s={search_term_string}\"},\"query-input\":{\"@type\":\"PropertyValueSpecification\",\"valueRequired\":true,\"valueName\":\"search_term_string\"}}],\"inLanguage\":\"it-IT\"},{\"@type\":\"Organization\",\"@id\":\"https:\\\/\\\/www.france-webdesign.com\\\/it\\\/#organization\",\"name\":\"Cr\u00e9ation de sites pour entreprises et professionnels\",\"url\":\"https:\\\/\\\/www.france-webdesign.com\\\/it\\\/\",\"logo\":{\"@type\":\"ImageObject\",\"inLanguage\":\"it-IT\",\"@id\":\"https:\\\/\\\/www.france-webdesign.com\\\/it\\\/#\\\/schema\\\/logo\\\/image\\\/\",\"url\":\"https:\\\/\\\/www.france-webdesign.com\\\/wp-content\\\/uploads\\\/2018\\\/12\\\/france-webdesign-logo.png\",\"contentUrl\":\"https:\\\/\\\/www.france-webdesign.com\\\/wp-content\\\/uploads\\\/2018\\\/12\\\/france-webdesign-logo.png\",\"width\":442,\"height\":127,\"caption\":\"Cr\u00e9ation de sites pour entreprises et professionnels\"},\"image\":{\"@id\":\"https:\\\/\\\/www.france-webdesign.com\\\/it\\\/#\\\/schema\\\/logo\\\/image\\\/\"}}]}<\/script>\n<!-- \/ Yoast SEO plugin. -->","yoast_head_json":{"title":"Conseils - Actualit\u00e9 Webdesign - Cr\u00e9ation de sites pour PME, artisans et lib\u00e9raux","description":"Conseils en cr\u00e9ation de sites pour les entreprises, ind\u00e9pendants et professions lib\u00e9rales. Sites ecommerce, catalogue et site vitrine","robots":{"index":"index","follow":"follow","max-snippet":"max-snippet:-1","max-image-preview":"max-image-preview:large","max-video-preview":"max-video-preview:-1"},"canonical":"https:\/\/www.france-webdesign.com\/it\/consigli-per-la-creazione-di-siti-web","og_locale":"it_IT","og_type":"article","og_title":"Conseils - Actualit\u00e9 Webdesign - Cr\u00e9ation de sites pour PME, artisans et lib\u00e9raux","og_description":"Conseils en cr\u00e9ation de sites pour les entreprises, ind\u00e9pendants et professions lib\u00e9rales. Sites ecommerce, catalogue et site vitrine","og_url":"https:\/\/www.france-webdesign.com\/it\/consigli-per-la-creazione-di-siti-web","og_site_name":"Cr\u00e9ation de sites pour PME, artisans et lib\u00e9raux","article_modified_time":"2025-06-06T14:11:41+00:00","twitter_card":"summary_large_image","twitter_misc":{"Tempo di lettura stimato":"1 minuto"},"schema":{"@context":"https:\/\/schema.org","@graph":[{"@type":"WebPage","@id":"https:\/\/www.france-webdesign.com\/it\/consigli-per-la-creazione-di-siti-web","url":"https:\/\/www.france-webdesign.com\/it\/consigli-per-la-creazione-di-siti-web","name":"Conseils - Actualit\u00e9 Webdesign - Cr\u00e9ation de sites pour PME, artisans et lib\u00e9raux","isPartOf":{"@id":"https:\/\/www.france-webdesign.com\/it\/#website"},"datePublished":"2018-12-04T17:37:03+00:00","dateModified":"2025-06-06T14:11:41+00:00","description":"Conseils en cr\u00e9ation de sites pour les entreprises, ind\u00e9pendants et professions lib\u00e9rales. Sites ecommerce, catalogue et site vitrine","breadcrumb":{"@id":"https:\/\/www.france-webdesign.com\/it\/consigli-per-la-creazione-di-siti-web#breadcrumb"},"inLanguage":"it-IT","potentialAction":[{"@type":"ReadAction","target":["https:\/\/www.france-webdesign.com\/it\/consigli-per-la-creazione-di-siti-web"]}]},{"@type":"BreadcrumbList","@id":"https:\/\/www.france-webdesign.com\/it\/consigli-per-la-creazione-di-siti-web#breadcrumb","itemListElement":[{"@type":"ListItem","position":1,"name":"Accueil","item":"https:\/\/www.france-webdesign.com\/"},{"@type":"ListItem","position":2,"name":"Conseils &#8211; Actualit\u00e9 Webdesign"}]},{"@type":"WebSite","@id":"https:\/\/www.france-webdesign.com\/it\/#website","url":"https:\/\/www.france-webdesign.com\/it\/","name":"Cr\u00e9ation de sites pour PME, artisans et lib\u00e9raux","description":"France Web Design","publisher":{"@id":"https:\/\/www.france-webdesign.com\/it\/#organization"},"potentialAction":[{"@type":"SearchAction","target":{"@type":"EntryPoint","urlTemplate":"https:\/\/www.france-webdesign.com\/it\/?s={search_term_string}"},"query-input":{"@type":"PropertyValueSpecification","valueRequired":true,"valueName":"search_term_string"}}],"inLanguage":"it-IT"},{"@type":"Organization","@id":"https:\/\/www.france-webdesign.com\/it\/#organization","name":"Cr\u00e9ation de sites pour entreprises et professionnels","url":"https:\/\/www.france-webdesign.com\/it\/","logo":{"@type":"ImageObject","inLanguage":"it-IT","@id":"https:\/\/www.france-webdesign.com\/it\/#\/schema\/logo\/image\/","url":"https:\/\/www.france-webdesign.com\/wp-content\/uploads\/2018\/12\/france-webdesign-logo.png","contentUrl":"https:\/\/www.france-webdesign.com\/wp-content\/uploads\/2018\/12\/france-webdesign-logo.png","width":442,"height":127,"caption":"Cr\u00e9ation de sites pour entreprises et professionnels"},"image":{"@id":"https:\/\/www.france-webdesign.com\/it\/#\/schema\/logo\/image\/"}}]}},"_links":{"self":[{"href":"https:\/\/www.france-webdesign.com\/it\/wp-json\/wp\/v2\/pages\/108","targetHints":{"allow":["GET"]}}],"collection":[{"href":"https:\/\/www.france-webdesign.com\/it\/wp-json\/wp\/v2\/pages"}],"about":[{"href":"https:\/\/www.france-webdesign.com\/it\/wp-json\/wp\/v2\/types\/page"}],"author":[{"embeddable":true,"href":"https:\/\/www.france-webdesign.com\/it\/wp-json\/wp\/v2\/users\/1"}],"replies":[{"embeddable":true,"href":"https:\/\/www.france-webdesign.com\/it\/wp-json\/wp\/v2\/comments?post=108"}],"version-history":[{"count":1,"href":"https:\/\/www.france-webdesign.com\/it\/wp-json\/wp\/v2\/pages\/108\/revisions"}],"predecessor-version":[{"id":4452,"href":"https:\/\/www.france-webdesign.com\/it\/wp-json\/wp\/v2\/pages\/108\/revisions\/4452"}],"wp:attachment":[{"href":"https:\/\/www.france-webdesign.com\/it\/wp-json\/wp\/v2\/media?parent=108"}],"curies":[{"name":"wp","href":"https:\/\/api.w.org\/{rel}","templated":true}]}}