{"id":2682,"date":"2022-07-19T10:08:56","date_gmt":"2022-07-19T08:08:56","guid":{"rendered":"https:\/\/www.france-webdesign.com\/?page_id=2682"},"modified":"2022-07-19T10:08:56","modified_gmt":"2022-07-19T08:08:56","slug":"panier-2","status":"publish","type":"page","link":"https:\/\/www.france-webdesign.com\/sv\/varukorg-2","title":{"rendered":"Varukorg"},"content":{"rendered":"<p>[woocommerce_cart]<\/p>","protected":false},"excerpt":{"rendered":"","protected":false},"author":1,"featured_media":0,"parent":0,"menu_order":0,"comment_status":"closed","ping_status":"closed","template":"","meta":{"_et_pb_use_builder":"","_et_pb_old_content":"","_et_gb_content_width":"","footnotes":""},"class_list":["post-2682","page","type-page","status-publish","hentry"],"yoast_head":"<!-- This site is optimized with the Yoast SEO plugin v27.4 - https:\/\/yoast.com\/product\/yoast-seo-wordpress\/ -->\n<title>Panier - Cr\u00e9ation de sites pour PME, artisans et lib\u00e9raux<\/title>\n<meta name=\"robots\" content=\"index, follow, max-snippet:-1, max-image-preview:large, max-video-preview:-1\" \/>\n<link rel=\"canonical\" href=\"https:\/\/www.france-webdesign.com\/sv\/varukorg-2\" \/>\n<meta property=\"og:locale\" content=\"sv_SE\" \/>\n<meta property=\"og:type\" content=\"article\" \/>\n<meta property=\"og:title\" content=\"Panier - Cr\u00e9ation de sites pour PME, artisans et lib\u00e9raux\" \/>\n<meta property=\"og:url\" content=\"https:\/\/www.france-webdesign.com\/sv\/varukorg-2\" \/>\n<meta property=\"og:site_name\" content=\"Cr\u00e9ation de sites pour PME, artisans et lib\u00e9raux\" \/>\n<meta name=\"twitter:card\" content=\"summary_large_image\" \/>\n<meta name=\"twitter:label1\" content=\"Ber\u00e4knad l\u00e4stid\" \/>\n\t<meta name=\"twitter:data1\" content=\"1 minut\" \/>\n<script type=\"application\/ld+json\" class=\"yoast-schema-graph\">{\"@context\":\"https:\\\/\\\/schema.org\",\"@graph\":[{\"@type\":\"WebPage\",\"@id\":\"https:\\\/\\\/www.france-webdesign.com\\\/sv\\\/varukorg-2\",\"url\":\"https:\\\/\\\/www.france-webdesign.com\\\/sv\\\/varukorg-2\",\"name\":\"Panier - Cr\u00e9ation de sites pour PME, artisans et lib\u00e9raux\",\"isPartOf\":{\"@id\":\"https:\\\/\\\/www.france-webdesign.com\\\/sv\\\/#website\"},\"datePublished\":\"2022-07-19T08:08:56+00:00\",\"breadcrumb\":{\"@id\":\"https:\\\/\\\/www.france-webdesign.com\\\/sv\\\/varukorg-2#breadcrumb\"},\"inLanguage\":\"sv-SE\",\"potentialAction\":[{\"@type\":\"ReadAction\",\"target\":[\"https:\\\/\\\/www.france-webdesign.com\\\/sv\\\/varukorg-2\"]}]},{\"@type\":\"BreadcrumbList\",\"@id\":\"https:\\\/\\\/www.france-webdesign.com\\\/sv\\\/varukorg-2#breadcrumb\",\"itemListElement\":[{\"@type\":\"ListItem\",\"position\":1,\"name\":\"Accueil\",\"item\":\"https:\\\/\\\/www.france-webdesign.com\\\/\"},{\"@type\":\"ListItem\",\"position\":2,\"name\":\"Panier\"}]},{\"@type\":\"WebSite\",\"@id\":\"https:\\\/\\\/www.france-webdesign.com\\\/sv\\\/#website\",\"url\":\"https:\\\/\\\/www.france-webdesign.com\\\/sv\\\/\",\"name\":\"Cr\u00e9ation de sites pour PME, artisans et lib\u00e9raux\",\"description\":\"France Web Design\",\"publisher\":{\"@id\":\"https:\\\/\\\/www.france-webdesign.com\\\/sv\\\/#organization\"},\"potentialAction\":[{\"@type\":\"SearchAction\",\"target\":{\"@type\":\"EntryPoint\",\"urlTemplate\":\"https:\\\/\\\/www.france-webdesign.com\\\/sv\\\/?s={search_term_string}\"},\"query-input\":{\"@type\":\"PropertyValueSpecification\",\"valueRequired\":true,\"valueName\":\"search_term_string\"}}],\"inLanguage\":\"sv-SE\"},{\"@type\":\"Organization\",\"@id\":\"https:\\\/\\\/www.france-webdesign.com\\\/sv\\\/#organization\",\"name\":\"Cr\u00e9ation de sites pour entreprises et professionnels\",\"url\":\"https:\\\/\\\/www.france-webdesign.com\\\/sv\\\/\",\"logo\":{\"@type\":\"ImageObject\",\"inLanguage\":\"sv-SE\",\"@id\":\"https:\\\/\\\/www.france-webdesign.com\\\/sv\\\/#\\\/schema\\\/logo\\\/image\\\/\",\"url\":\"https:\\\/\\\/www.france-webdesign.com\\\/wp-content\\\/uploads\\\/2018\\\/12\\\/france-webdesign-logo.png\",\"contentUrl\":\"https:\\\/\\\/www.france-webdesign.com\\\/wp-content\\\/uploads\\\/2018\\\/12\\\/france-webdesign-logo.png\",\"width\":442,\"height\":127,\"caption\":\"Cr\u00e9ation de sites pour entreprises et professionnels\"},\"image\":{\"@id\":\"https:\\\/\\\/www.france-webdesign.com\\\/sv\\\/#\\\/schema\\\/logo\\\/image\\\/\"}}]}<\/script>\n<!-- \/ Yoast SEO plugin. -->","yoast_head_json":{"title":"Panier - Cr\u00e9ation de sites pour PME, artisans et lib\u00e9raux","robots":{"index":"index","follow":"follow","max-snippet":"max-snippet:-1","max-image-preview":"max-image-preview:large","max-video-preview":"max-video-preview:-1"},"canonical":"https:\/\/www.france-webdesign.com\/sv\/varukorg-2","og_locale":"sv_SE","og_type":"article","og_title":"Panier - Cr\u00e9ation de sites pour PME, artisans et lib\u00e9raux","og_url":"https:\/\/www.france-webdesign.com\/sv\/varukorg-2","og_site_name":"Cr\u00e9ation de sites pour PME, artisans et lib\u00e9raux","twitter_card":"summary_large_image","twitter_misc":{"Ber\u00e4knad l\u00e4stid":"1 minut"},"schema":{"@context":"https:\/\/schema.org","@graph":[{"@type":"WebPage","@id":"https:\/\/www.france-webdesign.com\/sv\/varukorg-2","url":"https:\/\/www.france-webdesign.com\/sv\/varukorg-2","name":"Panier - Cr\u00e9ation de sites pour PME, artisans et lib\u00e9raux","isPartOf":{"@id":"https:\/\/www.france-webdesign.com\/sv\/#website"},"datePublished":"2022-07-19T08:08:56+00:00","breadcrumb":{"@id":"https:\/\/www.france-webdesign.com\/sv\/varukorg-2#breadcrumb"},"inLanguage":"sv-SE","potentialAction":[{"@type":"ReadAction","target":["https:\/\/www.france-webdesign.com\/sv\/varukorg-2"]}]},{"@type":"BreadcrumbList","@id":"https:\/\/www.france-webdesign.com\/sv\/varukorg-2#breadcrumb","itemListElement":[{"@type":"ListItem","position":1,"name":"Accueil","item":"https:\/\/www.france-webdesign.com\/"},{"@type":"ListItem","position":2,"name":"Panier"}]},{"@type":"WebSite","@id":"https:\/\/www.france-webdesign.com\/sv\/#website","url":"https:\/\/www.france-webdesign.com\/sv\/","name":"Cr\u00e9ation de sites pour PME, artisans et lib\u00e9raux","description":"France Web Design","publisher":{"@id":"https:\/\/www.france-webdesign.com\/sv\/#organization"},"potentialAction":[{"@type":"SearchAction","target":{"@type":"EntryPoint","urlTemplate":"https:\/\/www.france-webdesign.com\/sv\/?s={search_term_string}"},"query-input":{"@type":"PropertyValueSpecification","valueRequired":true,"valueName":"search_term_string"}}],"inLanguage":"sv-SE"},{"@type":"Organization","@id":"https:\/\/www.france-webdesign.com\/sv\/#organization","name":"Cr\u00e9ation de sites pour entreprises et professionnels","url":"https:\/\/www.france-webdesign.com\/sv\/","logo":{"@type":"ImageObject","inLanguage":"sv-SE","@id":"https:\/\/www.france-webdesign.com\/sv\/#\/schema\/logo\/image\/","url":"https:\/\/www.france-webdesign.com\/wp-content\/uploads\/2018\/12\/france-webdesign-logo.png","contentUrl":"https:\/\/www.france-webdesign.com\/wp-content\/uploads\/2018\/12\/france-webdesign-logo.png","width":442,"height":127,"caption":"Cr\u00e9ation de sites pour entreprises et professionnels"},"image":{"@id":"https:\/\/www.france-webdesign.com\/sv\/#\/schema\/logo\/image\/"}}]}},"_links":{"self":[{"href":"https:\/\/www.france-webdesign.com\/sv\/wp-json\/wp\/v2\/pages\/2682","targetHints":{"allow":["GET"]}}],"collection":[{"href":"https:\/\/www.france-webdesign.com\/sv\/wp-json\/wp\/v2\/pages"}],"about":[{"href":"https:\/\/www.france-webdesign.com\/sv\/wp-json\/wp\/v2\/types\/page"}],"author":[{"embeddable":true,"href":"https:\/\/www.france-webdesign.com\/sv\/wp-json\/wp\/v2\/users\/1"}],"replies":[{"embeddable":true,"href":"https:\/\/www.france-webdesign.com\/sv\/wp-json\/wp\/v2\/comments?post=2682"}],"version-history":[{"count":0,"href":"https:\/\/www.france-webdesign.com\/sv\/wp-json\/wp\/v2\/pages\/2682\/revisions"}],"wp:attachment":[{"href":"https:\/\/www.france-webdesign.com\/sv\/wp-json\/wp\/v2\/media?parent=2682"}],"curies":[{"name":"wp","href":"https:\/\/api.w.org\/{rel}","templated":true}]}}